{"id":92933,"date":"2020-12-22T16:01:46","date_gmt":"2020-12-22T15:01:46","guid":{"rendered":"https:\/\/www.crypto-news-flash.com\/?page_id=92933"},"modified":"2020-12-30T10:28:01","modified_gmt":"2020-12-30T09:28:01","slug":"der-ultimative-guide","status":"publish","type":"page","link":"https:\/\/crypto-news-flash.com\/de\/der-ultimative-guide\/","title":{"rendered":"Der ultimative Guide &#8211; So investierst du in die DeFi von Ethereum"},"content":{"rendered":"<p><a href=\"https:\/\/www.digistore24.com\/product\/364155\" target=\"_blank\" rel=\"https:\/\/www.digistore24.com\/product\/364155 noopener\"><img decoding=\"async\" class=\"aligncenter wp-image-93637 size-full\" src=\"https:\/\/www.crypto-news-flash.com\/wp-content\/uploads\/2020\/12\/CNF-Verkaufseite-DE.jpg\" alt=\"DeFi Guide\" width=\"1000\" height=\"652\" srcset=\"https:\/\/crypto-news-flash.com\/wp-content\/uploads\/2020\/12\/CNF-Verkaufseite-DE.jpg 1000w, https:\/\/crypto-news-flash.com\/wp-content\/uploads\/2020\/12\/CNF-Verkaufseite-DE-300x196.jpg 300w, https:\/\/crypto-news-flash.com\/wp-content\/uploads\/2020\/12\/CNF-Verkaufseite-DE-104x69.jpg 104w\" sizes=\"(max-width: 1000px) 100vw, 1000px\" \/><\/a><\/p>\n<h1>Der ultimative Guide &#8211; So investierst du in Ethereums DeFi<\/h1>\n<p>W\u00e4hrend Bitcoin und der Kryptomarkt im Allgemeinen im Jahr 2020 mehr und mehr im Mainstream angekommen sind, gibt es einen Teil des Krypto-Space, der selbst f\u00fcr langj\u00e4hrige Investoren ein R\u00e4tsel darstellt: die <strong>Decentralized Finance (DeFi) von Ethereum<\/strong>. Trotz exorbitanter Gewinnchancen trauen sich selbst langj\u00e4hrige Krypto-Anleger nicht in die DeFi von Ethereum zu investieren.<\/p>\n<p>Vor allem im Sp\u00e4tsommer 2020 haben einige wenige Leute Berge an Geld mit DeFi verdient. Andere haben mit der Aussicht auf <strong>Renditen von \u00fcber 10.000%<\/strong> innerhalb weniger Tage oder Wochen ihre Ersparnisse verzockt. Zwar sind die Geschichten im DeFi-Space seltener geworden, auch weil der Buzz und Hype abgeklungen sind. Dennoch kann DeFi weiterhin eine sehr interessante M\u00f6glichkeit sein, um mit Kryptow\u00e4hrungen passiv Geld zu verdienen und dabei au\u00dfergew\u00f6hnliche Rendite zu erzielen. Mit unserem E-Book erf\u00e4hrst du wie!<\/p>\n<p>Ein Haupthindernis f\u00fcr den Eintritt neuer Investoren ist sicherlich die Komplexit\u00e4t und Schwierigkeit alle Aspekte des DeFi-Sektors zu verstehen. Aus diesem Grund haben wir einen Guide erstellt, der die DeFi-Grundlagen lehrt und dir anhand zahlreicher Beispiele, wie Yearn.Finance oder Compound, zeigt, wie du Ethereum&#8217;s DeFi f\u00fcr dich nutzen kannst.<\/p>\n<h2>? Ist es zu sp\u00e4t, um in Ethereum&#8217;s DeFi zu investieren? ?<\/h2>\n<blockquote><p>Aussagen, wie &#8222;DeFi ist tot&#8220; oder &#8222;der Hype ist vorbei&#8220;, werden oft in den Raum gestellt. Tats\u00e4chlich stimmt dies nicht! Die Fakten und Zahlen sprechen eine andere Sprache. DeFi Coins bieten einerseits noch immer exorbitante Gewinnchancen, andererseits sind auch Zinsen f\u00fcr das Verleihen wesentlich h\u00f6her, als die des traditionellen Finanzsystems. Aus diesem Grund sollte sich jeder Krypto-Inhaber mit dem Thema DeFi besch\u00e4ftigen. &#8211; Jake Simmons, Crypto News Flash<\/p><\/blockquote>\n<p>Du glaubst uns nicht? Dann lass dich vom Gegenteil \u00fcberzeugen! Nachfolgend haben wir 5 gute Gr\u00fcnde gesammelt, warum eine Investition in den DeFi-Space noch immer lukrativ ist und der DeFi-Space erst am Beginn eines Raken-haften Aufstiegs steht.<\/p>\n<p style=\"text-align: center;\"><div class=\"su-button-center\"><a href=\"https:\/\/www.digistore24.com\/product\/364155\" class=\"su-button su-button-style-flat\" style=\"color:#fff;background-color:#ff0000;border-color:#cc0000;border-radius:5px\" target=\"_blank\" rel=\"nofollow\"><span style=\"color:#fff;padding:0px 50px;font-size:35px;line-height:70px;border-color:#ff4d4d;border-radius:5px;text-shadow:0px 0px 0px #000000\"> JETZT KAUFEN<\/span><\/a><\/div>\n<h3><span class=\"su-dropcap su-dropcap-style-flat\" style=\"font-size:1em\">1.<\/span>Total Value Locked (TVL)<\/h3>\n<p><strong>Der Total Value Locked (TVL), d. h. der Gesamtwert aller in den DeFi-Space get\u00e4tigten Investitionen ist trotz geringf\u00fcgiger R\u00fccksetzer kontinuierlich gestiegen. Dies zeigt das weiterhin wachsende Interesse vieler Investoren. <\/strong><\/p>\n<figure id=\"attachment_89230\" aria-describedby=\"caption-attachment-89230\" style=\"width: 712px\" class=\"wp-caption aligncenter\"><a href=\"https:\/\/www.crypto-news-flash.com\/wp-content\/uploads\/2020\/12\/Defi-tvl.png\"><img decoding=\"async\" class=\"size-full wp-image-89232\" src=\"https:\/\/www.crypto-news-flash.com\/wp-content\/uploads\/2020\/12\/Defi-tvl.png\" alt=\"Defi tvl\" width=\"712\" height=\"356\" srcset=\"https:\/\/crypto-news-flash.com\/wp-content\/uploads\/2020\/12\/Defi-tvl.png 712w, https:\/\/crypto-news-flash.com\/wp-content\/uploads\/2020\/12\/Defi-tvl-300x150.png 300w, https:\/\/crypto-news-flash.com\/wp-content\/uploads\/2020\/12\/Defi-tvl-24x12.png 24w, https:\/\/crypto-news-flash.com\/wp-content\/uploads\/2020\/12\/Defi-tvl-36x18.png 36w, https:\/\/crypto-news-flash.com\/wp-content\/uploads\/2020\/12\/Defi-tvl-48x24.png 48w\" sizes=\"(max-width: 712px) 100vw, 712px\" \/><\/a><figcaption id=\"caption-attachment-89230\" class=\"wp-caption-text\">Gesamtwert aller Investitionen in Ethereum&#8217;s DeFi, Stand: 03. Dezember 2020, Quelle: https:\/\/defipulse.com\/<\/figcaption><\/figure>\n<h3><span class=\"su-dropcap su-dropcap-style-flat\" style=\"font-size:1em\">2.<\/span>DeFi Token verzeichnen massive Gewinne<\/h3>\n<p>Die erfolgreichsten DeFi-Token zeigen trotz starker R\u00fccksetzer in ihrer Kursentwicklung hohe dreistellige bzw. im Fall des YFI Tokens vierstellige Gewinne seit Jahresbeginn (YTD).<\/p>\n<figure id=\"attachment_89214\" aria-describedby=\"caption-attachment-89214\" style=\"width: 524px\" class=\"wp-caption aligncenter\"><a href=\"https:\/\/www.crypto-news-flash.com\/wp-content\/uploads\/2020\/12\/defi-best-assets.png\"><img decoding=\"async\" class=\"size-full wp-image-89216\" src=\"https:\/\/www.crypto-news-flash.com\/wp-content\/uploads\/2020\/12\/defi-best-assets.png\" alt=\"\" width=\"524\" height=\"244\" srcset=\"https:\/\/crypto-news-flash.com\/wp-content\/uploads\/2020\/12\/defi-best-assets.png 524w, https:\/\/crypto-news-flash.com\/wp-content\/uploads\/2020\/12\/defi-best-assets-300x140.png 300w, https:\/\/crypto-news-flash.com\/wp-content\/uploads\/2020\/12\/defi-best-assets-24x11.png 24w, https:\/\/crypto-news-flash.com\/wp-content\/uploads\/2020\/12\/defi-best-assets-36x17.png 36w, https:\/\/crypto-news-flash.com\/wp-content\/uploads\/2020\/12\/defi-best-assets-48x22.png 48w\" sizes=\"(max-width: 524px) 100vw, 524px\" \/><\/a><figcaption id=\"caption-attachment-89214\" class=\"wp-caption-text\">Die Top5 DeFi Coins seit Jahresbeginn &#8211; Stand: 03. Dezember 2020, Quelle: https:\/\/messari.io\/screener\/defi-assets-7EE8EDB1<\/figcaption><\/figure>\n<h3><span class=\"su-dropcap su-dropcap-style-flat\" style=\"font-size:1em\">3.<\/span><strong>Institutionelle Investoren st\u00fcrmen den DeFi-Space! <\/strong><\/h3>\n<p>Dies ist unbestreitbar ein weiterer bullischer Indikator. Wie die Daten von IntoTheBlock zeigen, haben die On-Chain-Transaktionen von 100.000 Dollar oder mehr im 04. Quartal 2020 stark zugelegt. Dies bedeutet, dass Instutionen nach dem Kurssturz einiger DeFi-Token diese g\u00fcnstig aufkaufen. Vorallem YFI, COMP, LINK, Looprings LRC und Curves CRV erlebten diesen Trend.<\/p>\n<p>Eine im Oktober von Crypto.com durchgef\u00fchrte Umfrage mit 411 &#8222;Entscheidungstr\u00e4gern&#8220; von traditionellen Finanzinstitutionen ergab, dass von den Befragten 58% die Bef\u00fcrchtung \u00e4u\u00dferten, dass sie &#8222;einen Wettbewerbsvorteil verlieren werden&#8220;, wenn sie sich nicht mit DeFi-Produkten besch\u00e4ftigen. 61% erkl\u00e4rten, dass sie &#8222;eine Adaption von DeFi als eine M\u00f6glichkeit erw\u00e4gen, um Finanzdienstleistungen mit Smart Contracts auszuf\u00fchren&#8220;.<\/p>\n<p>Der Quartalbericht zum Q3 von Galaxy Digital offenbarte zudem, dass der Big-Player Millionen von Dollar in zwei Fonds investierte, die sich auf DeFi-Innovatoren konzentrieren: ParaFi Capital und Robot-Ventures. Letzter ist ein Fonds, der von Robert Leshner, dem CEO von Compound Labs, gegr\u00fcndet wurde. Des Weiteren geht aus dem Bericht weiter hervor, dass auch andere gro\u00dfe Institutionen DeFi-Token anh\u00e4ufen.<\/p>\n<p>Wie im Bericht vermerkt, &#8222;hat Three Arrows Capital, einer der gr\u00f6\u00dften Fonds in der Branche, w\u00e4hrend einer Korrektur in der vergangenen Woche 10 Millionen Dollar in das LINK Token von Chainlink investiert&#8220;. Der Bericht erw\u00e4hnte auch, dass Jump Trading, eine f\u00fchrende Handelsfirma, COMP, ETH und SNX Token akkumuliert hat.<\/p>\n<p>Dies zeigt: Auch wenn u. a. COMP (-48%) oder CRV (-80%) von ihrem Allzeithoch entfernt sind, glauben instituionelle Invstoren an den Erfolg von DeFi.<\/p>\n<div class=\"su-button-center\"><a href=\"https:\/\/www.digistore24.com\/product\/364155\" class=\"su-button su-button-style-flat\" style=\"color:#fff;background-color:#ff0000;border-color:#cc0000;border-radius:5px\" target=\"_blank\" rel=\"nofollow\"><span style=\"color:#fff;padding:0px 50px;font-size:35px;line-height:70px;border-color:#ff4d4d;border-radius:5px;text-shadow:0px 0px 0px #000000\"> JETZT KAUFEN<\/span><\/a><\/div>\n<h3><span class=\"su-dropcap su-dropcap-style-flat\" style=\"font-size:1em\">4.<\/span>MetaMask erreicht 1 Million monatliche Nutzer<\/h3>\n<p>Das Eingangstor zu Ethereum&#8217;s DeFi, das Metamask Wallet, hat im September den Meilenstein von einer Million aktiver Benutzer erreicht. Dies spiegelt das stetig wachsende Interesse am DeFi-Space wider, da MetaMask haupts\u00e4chlich zur Teilnahme an den Protokollen verwendet wird.<\/p>\n<figure id=\"attachment_89490\" aria-describedby=\"caption-attachment-89490\" style=\"width: 750px\" class=\"wp-caption aligncenter\"><a href=\"https:\/\/www.crypto-news-flash.com\/wp-content\/uploads\/2020\/12\/metamask-users.png\"><img decoding=\"async\" class=\"wp-image-89492 size-full\" src=\"https:\/\/www.crypto-news-flash.com\/wp-content\/uploads\/2020\/12\/metamask-users-e1607086988688.png\" alt=\"metamask users\" width=\"750\" height=\"518\" \/><\/a><figcaption id=\"caption-attachment-89490\" class=\"wp-caption-text\">Entwicklung der Zahl der MetaMask-Nutzer in 2020, Quelle: https:\/\/medium.com\/metamask\/metamask-exceeds-1-million-monthly-active-users-9da72a1e915d<\/figcaption><\/figure>\n<h3><span class=\"su-dropcap su-dropcap-style-flat\" style=\"font-size:1em\">5.<\/span>Niedrigere Geb\u00fchren r\u00fccken n\u00e4her<\/h3>\n<p>Ethereum&#8217;s \u00dcbergang zum Proof of Stake wird das Problem der hohen Gas-Geb\u00fchren l\u00f6sen und DeFi f\u00fcr jedermann lukrativ machen! Zudem entwickeln diverse DeFi-Projekte bereits jetzt L\u00f6sungen f\u00fcr das Problem. Synthetix (SNX) hat bereits im September eine Live-Demo seiner Layer-2-L\u00f6sung pr\u00e4sentiert. Uniswap, die f\u00fchrende dezentrale B\u00f6rse, arbeitet an Uniswap V3. Laut Gr\u00fcnder Hayden Adams soll eine Layer-2-L\u00f6sung ein gro\u00dfer Teil des Upgrades sein.<\/p>\n<p style=\"text-align: center;\"><div class=\"su-button-center\"><a href=\"https:\/\/www.digistore24.com\/product\/364155\" class=\"su-button su-button-style-flat\" style=\"color:#fff;background-color:#ff0000;border-color:#cc0000;border-radius:5px\" target=\"_blank\" rel=\"nofollow\"><span style=\"color:#fff;padding:0px 50px;font-size:35px;line-height:70px;border-color:#ff4d4d;border-radius:5px;text-shadow:0px 0px 0px #000000\"> JETZT KAUFEN<\/span><\/a><\/div>\n<h2>? Das erwartet dich im E-Book<\/h2>\n<p>Das E-Book ist so aufgebaut, dass es dich Schritt f\u00fcr Schritt in den DeFi-Space einf\u00fchrt. Nach einer kurzen Einleitung, was DeFi \u00fcberhaupt bedeutet und welche Vorteile DeFi gegen\u00fcber dem traditionellen Finanzsystem bestehen, geben wir dir einen \u00dcberblick \u00fcber s\u00e4mtliche Investitionsm\u00f6glichkeiten. Nachdem du ein gutes Grundverst\u00e4ndnis entwickelt hast, stellen wir die beliebtesten und erfolgreichsten DeFi-Protokolle und Anwendungen vor. Konkret lernst du alles \u00fcber<\/p>\n<ul>\n<li>MakerDAO,<\/li>\n<li>Compound,<\/li>\n<li>Uniswap,<\/li>\n<li>Curve Finance,<\/li>\n<li>Balancer,<\/li>\n<li>und Yearn.finance.<\/li>\n<\/ul>\n<p>Anschlie\u00dfend zeigen wir dir die hilfreichsten Tools, um in Ethereum DeFi zu investieren. Neben einem <strong>Wallet<\/strong>, welches du nutzen kannst, um mit allen Anwendungen interagieren zu k\u00f6nnen, zeigen wir dir auch <strong>die besten Websites,<\/strong> mithilfe derer du <strong>die h\u00f6chsten Ertrag (APY) finden<\/strong> kannst.<\/p>\n<p>Im f\u00fcnften Kapitel zeigen wir dir, wie du in der Praxis in die zuletzt erfolgreichsten DeFi-Protokolle investieren kannst. Anhand von Anleitungen lernst du <strong>Yearn.Finance, Uniswap, Compound und Balancer<\/strong> zu bedienen und die Risiken deiner Investition zu evaluieren. Wie du feststellen wirst, handelt es der Benutzung von den vorgenannten DeFi-Anwendungen um &#8222;kein Hexenwerk&#8220;. Au\u00dferdem zeigen wir dir auch die Risiken der jeweiligen Protokolle auf, sodass du f\u00fcr dich eine fundierte Entscheidung \u00fcber das Risiko und das Potenzial deiner Investition treffen kannst.<\/p>\n<div class=\"su-button-center\"><a href=\"https:\/\/www.digistore24.com\/product\/364155\" class=\"su-button su-button-style-flat\" style=\"color:#fff;background-color:#ff0000;border-color:#cc0000;border-radius:5px\" target=\"_blank\" rel=\"nofollow\"><span style=\"color:#fff;padding:0px 50px;font-size:35px;line-height:70px;border-color:#ff4d4d;border-radius:5px;text-shadow:0px 0px 0px #000000\"> JETZT KAUFEN<\/span><\/a><\/div>\n<h2>? Die gr\u00f6\u00dften Erfolgsgeschichten von Ethereum&#8217;s DeFi ?<\/h2>\n<h3>Yearn.finance &#8211; Automatisiertes Yield Farming &amp; ein Token, der mehr Wert ist, als Bitcoin<\/h3>\n<p>Das nach Uniswap beliebteste DeFi-Protokoll ist Yearn.finance und das nicht ohne Grund. Das Projekt ist das Tor zu einer Vielzahl von M\u00f6glichkeiten das &#8222;sagenumwobene&#8220; Yield Farming zu betreiben (nicht nur)! Dabei muss der Nutzer praktisch kein Wissen \u00fcber die komplexen Prozesse und Zusammenh\u00e4nge im Hintergrund haben, sondern kann sich vollumf\u00e4nglich auf die programmierte Logik der verschiedenen Produkte von Yearn.finance verlassen, und kann somit <strong>automatisiertes Yield Farming<\/strong> betreiben. Dabei waren in Zeiten des Booms Renditen weit \u00fcber 100% keine Seltenheit.<\/p>\n<p>Das dies eine wahre Revolution im Bereich des DeFi-Space und insbesondere f\u00fcr das Yield Farming war, zeigte sich auch in dem Raketen-haften Aufstieg des Protokolls. Im August und September 2020 hatten Investoren ann\u00e4hernd 1 Milliarde USD in Yearn.finance eingezahlt, um von dem automatisierten Yield Farming und den anderen Strategien von Yearn.finance zu profitieren. Noch Mitte Juli waren lediglich Kryptow\u00e4hrungen im Wert von weniger als 10.000 USD zugewiesen, wie die Daten von DeFi Pulse zeigen.<\/p>\n<figure id=\"attachment_89000\" aria-describedby=\"caption-attachment-89000\" style=\"width: 821px\" class=\"wp-caption aligncenter\"><a href=\"https:\/\/www.crypto-news-flash.com\/wp-content\/uploads\/2020\/12\/yearn-finance-tvl.png\"><img decoding=\"async\" class=\"size-full wp-image-89002\" src=\"https:\/\/www.crypto-news-flash.com\/wp-content\/uploads\/2020\/12\/yearn-finance-tvl.png\" alt=\"yearn finance tvl\" width=\"821\" height=\"421\" srcset=\"https:\/\/crypto-news-flash.com\/wp-content\/uploads\/2020\/12\/yearn-finance-tvl.png 821w, https:\/\/crypto-news-flash.com\/wp-content\/uploads\/2020\/12\/yearn-finance-tvl-300x154.png 300w, https:\/\/crypto-news-flash.com\/wp-content\/uploads\/2020\/12\/yearn-finance-tvl-768x394.png 768w, https:\/\/crypto-news-flash.com\/wp-content\/uploads\/2020\/12\/yearn-finance-tvl-24x12.png 24w, https:\/\/crypto-news-flash.com\/wp-content\/uploads\/2020\/12\/yearn-finance-tvl-36x18.png 36w, https:\/\/crypto-news-flash.com\/wp-content\/uploads\/2020\/12\/yearn-finance-tvl-48x25.png 48w\" sizes=\"(max-width: 821px) 100vw, 821px\" \/><\/a><figcaption id=\"caption-attachment-89000\" class=\"wp-caption-text\">Source: https:\/\/defipulse.com\/yearn.finance<\/figcaption><\/figure>\n<p>Aber nicht nur das Protokoll, Yearn.finance, sondern auch dessen Governance Token namens YFI sorgte in 2020 f\u00fcr Furore. Der <strong>YFI Token wurde zeitweise bei 38.000 USD gehandelt<\/strong>, und damit bei einem Preis ann\u00e4hernd doppelt so hoch, wie das Allzeithoch von Bitcoin. Der Hauptgrund f\u00fcr den massiven Preis ist, dass es lediglich 30.000 YFI gibt, die bereits allesamt in den Anfangsmonaten an die Nutzer des Protokolls verteilt wurden.<\/p>\n<div class=\"su-button-center\"><a href=\"https:\/\/www.digistore24.com\/product\/364155\" class=\"su-button su-button-style-flat\" style=\"color:#fff;background-color:#ff0000;border-color:#cc0000;border-radius:5px\" target=\"_blank\" rel=\"nofollow\"><span style=\"color:#fff;padding:0px 50px;font-size:35px;line-height:70px;border-color:#ff4d4d;border-radius:5px;text-shadow:0px 0px 0px #000000\"> JETZT KAUFEN<\/span><\/a><\/div>\n<h3>Compound &#8211; Ein Pionier des Yield Farming<\/h3>\n<p>Wenn es um das Thema Yield Farming geht, dann muss Compound mit seinem COMP Token zweifelsfrei als einer der Pioniere der Branche genannt werden. Der Kurs des COMP Token explodierte, wie so viele Governance Token nach ihm, innerhalb weniger Tage nach dem offiziellen Launch. W\u00e4hrend 1 COMP zum Launch am 18. Juni noch bei 61 USD gehandelt wurde, waren es am 21. Juni bereits 359 USD. Damit hat sich der <strong>Kurs des COMP Token innerhalb von drei Tagen fast verdreifacht<\/strong>.<\/p>\n<p>Nutzer st\u00fcrmten damals in das DeFi-Proktoll, um am Farming von COMP teilzuhaben und sich ihre eigenen Token zu sichern. Auch wenn der Hype, so wie auch der Kurs, in der Zwischenzeit nachgelassen haben, schreibt COMP immer noch starke Gewinne und handelt in der Top50 nach Marktkapitalisierung. Aktuell verteilt das Protokoll noch immer<strong> jeden Tag ca.<\/strong> <strong>2.880 COMP an die Benutzer des Protokolls<\/strong>. Die Verteilung erfolgt dabei proportional zur Kreditnachfrage in dem jeweiligen Markt (ETH, USDC, DAI&#8230;). Innerhalb dessen werden 50% an die Verleiher und 50% an die Kreditnehmer verteilt.<\/p>\n<h3>Uniswap schl\u00e4gt Coinbase im Handelsvolumen!<\/h3>\n<p>Im Oktober kam es zu einem &#8222;Flippening&#8220;, welches die meisten Experten vermutlich nicht f\u00fcr das Jahr 2020 vorausgesehen haben. Der DeFi-Wahnsinn trieb das monatliche Handelsvolumen von Uniswap auf 15,3 Milliarden USD. Damit \u00fcbertraf die dezentralisierte B\u00f6rse erstmals den Branchenprimus Coinbase (13,6 Milliarden USD) und signalisierte den Beginn einer Revolution, von \u00fcberteuerten, zentralisierten B\u00f6rsen hin zu dezentralen B\u00f6rsen, bei denen keine unn\u00f6tigen Handelsgeb\u00fchren anfallen.<\/p>\n<p style=\"text-align: center;\"><div class=\"su-button-center\"><a href=\"https:\/\/www.digistore24.com\/product\/364155\" class=\"su-button su-button-style-flat\" style=\"color:#fff;background-color:#ff0000;border-color:#cc0000;border-radius:5px\" target=\"_blank\" rel=\"nofollow\"><span style=\"color:#fff;padding:0px 50px;font-size:35px;line-height:70px;border-color:#ff4d4d;border-radius:5px;text-shadow:0px 0px 0px #000000\"> JETZT KAUFEN<\/span><\/a><\/div>\n<h2>Sneak Peek in das E-Book<\/h2>\n<p style=\"text-align: center;\">[pdf-embedder url=&#8220;https:\/\/www.crypto-news-flash.com\/wp-content\/uploads\/2020\/12\/cnf_EFI_guide_de_S1_5.pdf&#8220;]\n","protected":false},"excerpt":{"rendered":"<p>Der ultimative Guide &#8211; So investierst du in Ethereums DeFi W\u00e4hrend Bitcoin und der Kryptomarkt im Allgemeinen im Jahr 2020 mehr und mehr im Mainstream angekommen sind, gibt es einen Teil des Krypto-Space, der selbst f\u00fcr langj\u00e4hrige Investoren ein R\u00e4tsel darstellt: die Decentralized Finance (DeFi) von Ethereum. Trotz exorbitanter Gewinnchancen trauen sich selbst langj\u00e4hrige Krypto-Anleger<\/p>\n","protected":false},"author":7,"featured_media":0,"parent":0,"menu_order":0,"comment_status":"closed","ping_status":"closed","template":"page-blank.php","meta":{"_acf_changed":false,"footnotes":""},"class_list":["post-92933","page","type-page","status-publish"],"acf":[],"_links":{"self":[{"href":"https:\/\/crypto-news-flash.com\/de\/wp-json\/wp\/v2\/pages\/92933","targetHints":{"allow":["GET"]}}],"collection":[{"href":"https:\/\/crypto-news-flash.com\/de\/wp-json\/wp\/v2\/pages"}],"about":[{"href":"https:\/\/crypto-news-flash.com\/de\/wp-json\/wp\/v2\/types\/page"}],"author":[{"embeddable":true,"href":"https:\/\/crypto-news-flash.com\/de\/wp-json\/wp\/v2\/users\/7"}],"replies":[{"embeddable":true,"href":"https:\/\/crypto-news-flash.com\/de\/wp-json\/wp\/v2\/comments?post=92933"}],"version-history":[{"count":0,"href":"https:\/\/crypto-news-flash.com\/de\/wp-json\/wp\/v2\/pages\/92933\/revisions"}],"wp:attachment":[{"href":"https:\/\/crypto-news-flash.com\/de\/wp-json\/wp\/v2\/media?parent=92933"}],"curies":[{"name":"wp","href":"https:\/\/api.w.org\/{rel}","templated":true}]}}